{"id":21,"date":"2017-10-13T10:59:04","date_gmt":"2017-10-13T08:59:04","guid":{"rendered":"http:\/\/www.gewuerzextrakte.de\/wp\/?page_id=21"},"modified":"2020-06-12T11:56:07","modified_gmt":"2020-06-12T09:56:07","slug":"farbstoffe","status":"publish","type":"page","link":"https:\/\/www.gewuerzextrakte.de\/en\/farbstoffe\/","title":{"rendered":"Colourings"},"content":{"rendered":"<div id='layer_slider_1' class='avia-layerslider main_color avia-shadow  container_wrap sidebar_right'    style='height: 301px;' ><\/div>\n<div class=\"flex_column av_one_full  flex_column_div first\" ><p><div style='padding-bottom:10px;' class='av-special-heading av-special-heading-h1  blockquote modern-quote modern-centered'><h1 class='av-special-heading-tag'  itemprop=\"headline\"  ><span class=\"bg\">Colourings<\/span><\/h1><div class='special-heading-border'><div class='special-heading-inner-border' ><\/div><\/div><\/div><br \/>\n<div style=' margin-top:30px; margin-bottom:30px;'  class='hr hr-custom hr-center hr-icon-yes'><span class='hr-inner   inner-border-av-border-thin' style=' width:100px; border-color:#c91518;' ><span class='hr-inner-style'><\/span><\/span><span class='av-seperator-icon' style='color:#c91518;' aria-hidden='true' data-av_icon='\ue8a4' data-av_iconfont='entypo-fontello'><\/span><span class='hr-inner   inner-border-av-border-thin' style=' width:100px; border-color:#c91518;' ><span class='hr-inner-style'><\/span><\/span><\/div><\/p><\/div>\n<div class=\"flex_column av_one_third  flex_column_div first\" ><div class='avia-image-container avia_animated_image avia_animate_when_almost_visible left-to-right av-styling-    avia-align-center'  itemscope=\"itemscope\" itemtype=\"https:\/\/schema.org\/ImageObject\"  ><div class='avia-image-container-inner'><img class='avia_image' src='https:\/\/www.gewuerzextrakte.de\/wp\/wp-content\/uploads\/ruether05.jpg' alt='' title='Colorful lollipops and different colored round candy.'   itemprop=\"thumbnailUrl\"  \/><\/div><\/div><\/div>\n<div class=\"flex_column av_two_third  flex_column_div av-zero-column-padding\" style='border-radius:0px; '><p><div style='padding-bottom:10px;' class='av-special-heading av-special-heading-h2  blockquote modern-quote'><h2 class='av-special-heading-tag'  itemprop=\"headline\"  >PRODUCT INFO<\/h2><div class='special-heading-border'><div class='special-heading-inner-border' ><\/div><\/div><\/div><br \/>\n<section class=\"av_textblock_section\"  itemscope=\"itemscope\" itemtype=\"https:\/\/schema.org\/CreativeWork\" ><div class='avia_textblock'   itemprop=\"text\" ><h3>Colourings<\/h3>\n<p>Used to colour specific foods, medicinal products and cosmetics.<\/p>\n<p>Unsere Produktpalette umfasst synthetische wasserl\u00f6sliche Farbstoffe in Pulver- und Granulatform, aluminiumverlackte und nat\u00fcrliche Farbstoffe, sowie f\u00e4rbende Lebensmittel, die teilweise in Pulver- oder fl\u00fcssiger Form sowohl in wasser- oder auch in \u00f6ll\u00f6slicher Variante verf\u00fcgbar sind.<\/p>\n<p>Many of our colourings offer good to excellent solubility, heat stability and light fastness and only a low dosage is required.<\/p>\n<h3>Key areas of use:<\/h3>\n<h3>Foods:<\/h3>\n<p>Drinks, confectionary (e.g. pudding powder, instant products, sweets, general dessert products, ice-cream, soft drinks etc.)<\/p>\n<h3>Medicinal products:<\/h3>\n<p>General use<\/p>\n<h3>Cosmetics:<\/h3>\n<p>Shampoo, bubble bath, shower gel, liquid soaps etc.<\/p>\n<p>The products meet the current EC regulations for all product-related data such as purity specifications, heavy metals etc. National regulations also currently apply.<\/p>\n<p>On request, we can also offer specific F.D.A.-certified colourings for export (e.g. to Japan, USA).<\/p>\n<\/div><\/section><\/p><\/div><\/div><\/div><\/div><!-- close content main div --><\/div><\/div><div id='av_section_1' class='avia-section main_color avia-section-small avia-no-shadow avia-bg-style-scroll   container_wrap sidebar_right' style = 'background-color: #c91518; '  ><div class='container' ><div class='template-page content  av-content-small alpha units'><div class='post-entry post-entry-type-page post-entry-21'><div class='entry-content-wrapper clearfix'>\n<div style='padding-bottom:10px;color:#ffffff;' class='av-special-heading av-special-heading-h1 custom-color-heading blockquote modern-quote modern-centered'><h1 class='av-special-heading-tag'  itemprop=\"headline\"  >COLOURINGS \u2013 SYNTHETIC<\/h1><div class='special-heading-border'><div class='special-heading-inner-border' style='border-color:#ffffff'><\/div><\/div><\/div>\n<\/div><\/div><\/div><!-- close content main div --><\/div><\/div><div id='after_section_1' class='main_color av_default_container_wrap container_wrap sidebar_right'   ><div class='container' ><div class='template-page content  av-content-small alpha units'><div class='post-entry post-entry-type-page post-entry-21'><div class='entry-content-wrapper clearfix'><\/p>\n<div class='avia-data-table-wrap avia_responsive_table'><table class='avia-table avia-data-table avia-table-1  avia_pricing_default'  itemscope=\"itemscope\" itemtype=\"https:\/\/schema.org\/Table\" ><tbody><tr class=''><td class=''>PRODUCT NAME <\/td><td class='avia-center-col'>E.-Nr. <\/td><td class='avia-center-col'>Konzentration in % <\/td><td class=''>C.I.Nr. <\/td><td class='avia-center-col'>water soluble<\/td><td class='avia-center-col'>oil-soluble<\/td><td class='avia-center-col'>Powder<\/td><td class='avia-center-col'>LIQUID<\/td><td class='avia-center-col'>Granulat<\/td><\/tr><tr class=''><td class=''>Allurared <\/td><td class='avia-center-col'>E 129 <\/td><td class='avia-center-col'>85 <\/td><td class=''>16.035 <\/td><td class='avia-center-col'>\u2713<\/td><td class='avia-center-col'><\/td><td class='avia-center-col'>\u2713<\/td><td class='avia-center-col'><\/td><td class='avia-center-col'>\u2713<\/td><\/tr><tr class=''><td class=''>Amaranth <\/td><td class='avia-center-col'>E 123 <\/td><td class='avia-center-col'>85 <\/td><td class=''>16.185 <\/td><td class='avia-center-col'>\u2713<\/td><td class='avia-center-col'><\/td><td class='avia-center-col'>\u2713<\/td><td class='avia-center-col'><\/td><td class='avia-center-col'>\u2713<\/td><\/tr><tr class=''><td class=''>Azorubin <\/td><td class='avia-center-col'>E 122 <\/td><td class='avia-center-col'>85 <\/td><td class=''>14.720 <\/td><td class='avia-center-col'>\u2713<\/td><td class='avia-center-col'><\/td><td class='avia-center-col'>\u2713<\/td><td class='avia-center-col'><\/td><td class='avia-center-col'>\u2713<\/td><\/tr><tr class=''><td class=''>Brown HT <\/td><td class='avia-center-col'>E 155 <\/td><td class='avia-center-col'>70 <\/td><td class=''>20.285 <\/td><td class='avia-center-col'>\u2713<\/td><td class='avia-center-col'><\/td><td class='avia-center-col'>\u2713<\/td><td class='avia-center-col'><\/td><td class='avia-center-col'>\u2713<\/td><\/tr><tr class=''><td class=''>Brilliant blue FCF <\/td><td class='avia-center-col'>E 133 <\/td><td class='avia-center-col'>85<\/td><td class=''>42.090 <\/td><td class='avia-center-col'>\u2713<\/td><td class='avia-center-col'><\/td><td class='avia-center-col'>\u2713<\/td><td class='avia-center-col'><\/td><td class='avia-center-col'>\u2713<\/td><\/tr><tr class=''><td class=''>Acid brilliant green BS <\/td><td class='avia-center-col'>E 142 <\/td><td class='avia-center-col'>80 <\/td><td class=''>44.090 <\/td><td class='avia-center-col'>\u2713<\/td><td class='avia-center-col'><\/td><td class='avia-center-col'>\u2713<\/td><td class='avia-center-col'><\/td><td class='avia-center-col'>\u2713<\/td><\/tr><tr class=''><td class=''>Brilliant black BN <\/td><td class='avia-center-col'>E 151 <\/td><td class='avia-center-col'>80 <\/td><td class=''>28.440 <\/td><td class='avia-center-col'>\u2713<\/td><td class='avia-center-col'><\/td><td class='avia-center-col'>\u2713<\/td><td class='avia-center-col'><\/td><td class='avia-center-col'>\u2713<\/td><\/tr><tr class=''><td class=''>Quinoline yellow <\/td><td class='avia-center-col'>E 104 <\/td><td class='avia-center-col'>70 <\/td><td class=''>47.005 <\/td><td class='avia-center-col'>\u2713<\/td><td class='avia-center-col'><\/td><td class='avia-center-col'>\u2713<\/td><td class='avia-center-col'><\/td><td class='avia-center-col'>\u2713<\/td><\/tr><tr class=''><td class=''>Erythrosine <\/td><td class='avia-center-col'>E 127 <\/td><td class='avia-center-col'>87 <\/td><td class=''>45.430<\/td><td class='avia-center-col'>\u2713<\/td><td class='avia-center-col'><\/td><td class='avia-center-col'>\u2713<\/td><td class='avia-center-col'><\/td><td class='avia-center-col'>\u2713<\/td><\/tr><tr class=''><td class=''>Yellow Orange <\/td><td class='avia-center-col'>E 110 <\/td><td class='avia-center-col'>85 <\/td><td class=''>15.985 <\/td><td class='avia-center-col'>\u2713<\/td><td class='avia-center-col'><\/td><td class='avia-center-col'>\u2713<\/td><td class='avia-center-col'><\/td><td class='avia-center-col'>\u2713<\/td><\/tr><tr class=''><td class=''>Indigotin I <\/td><td class='avia-center-col'>E 132 <\/td><td class='avia-center-col'>85 <\/td><td class=''>73.015 <\/td><td class='avia-center-col'>\u2713<\/td><td class='avia-center-col'><\/td><td class='avia-center-col'>\u2713<\/td><td class='avia-center-col'><\/td><td class='avia-center-col'>\u2713<\/td><\/tr><tr class=''><td class=''>Patent Blue <\/td><td class='avia-center-col'>E 131 <\/td><td class='avia-center-col'>50,80,85 <\/td><td class=''>42.051 <\/td><td class='avia-center-col'>\u2713<\/td><td class='avia-center-col'><\/td><td class='avia-center-col'>\u2713<\/td><td class='avia-center-col'><\/td><td class='avia-center-col'>\u2713<\/td><\/tr><tr class=''><td class=''>Ponceau 4R <\/td><td class='avia-center-col'>E 124 <\/td><td class='avia-center-col'>70,82 <\/td><td class=''>16.255 <\/td><td class='avia-center-col'>\u2713<\/td><td class='avia-center-col'><\/td><td class='avia-center-col'>\u2713<\/td><td class='avia-center-col'><\/td><td class='avia-center-col'>\u2713<\/td><\/tr><tr class=''><td class=''>Tartrazine <\/td><td class='avia-center-col'>E 102 <\/td><td class='avia-center-col'>85 <\/td><td class=''>19.140 <\/td><td class='avia-center-col'>\u2713<\/td><td class='avia-center-col'><\/td><td class='avia-center-col'>\u2713<\/td><td class='avia-center-col'><\/td><td class='avia-center-col'>\u2713<\/td><\/tr><\/tbody><\/table><\/div><style type='text\/css'><\/style>\n<\/div><\/div><\/div><!-- close content main div --><\/div><\/div><div id='av_section_2' class='avia-section main_color avia-section-small avia-no-shadow avia-bg-style-scroll   container_wrap sidebar_right' style = 'background-color: #c91518; '  ><div class='container' ><div class='template-page content  av-content-small alpha units'><div class='post-entry post-entry-type-page post-entry-21'><div class='entry-content-wrapper clearfix'>\n<div style='padding-bottom:10px;color:#ffffff;' class='av-special-heading av-special-heading-h1 custom-color-heading blockquote modern-quote modern-centered'><h1 class='av-special-heading-tag'  itemprop=\"headline\"  >COLOURINGS \u2013 NATURAL<\/h1><div class='special-heading-border'><div class='special-heading-inner-border' style='border-color:#ffffff'><\/div><\/div><\/div>\n<\/div><\/div><\/div><!-- close content main div --><\/div><\/div><div id='after_section_2' class='main_color av_default_container_wrap container_wrap sidebar_right'   ><div class='container' ><div class='template-page content  av-content-small alpha units'><div class='post-entry post-entry-type-page post-entry-21'><div class='entry-content-wrapper clearfix'>\n<div class='avia-data-table-wrap avia_responsive_table'><table class='avia-table avia-data-table avia-table-2  avia_pricing_default'  itemscope=\"itemscope\" itemtype=\"https:\/\/schema.org\/Table\" ><tbody><tr class=''><td class=''>PRODUCT NAME <\/td><td class=''>E.-Nr. <\/td><td class=''>C.I.Nr. <\/td><td class='avia-center-col'>water soluble<\/td><td class='avia-center-col'>oil-soluble<\/td><td class='avia-center-col'>Powder<\/td><td class='avia-center-col'>LIQUID<\/td><\/tr><tr class=''><td class=''>Allurared <\/td><td class=''>E160b<\/td><td class=''>75120 <\/td><td class='avia-center-col'>\u2713<\/td><td class='avia-center-col'>\u2713<\/td><td class='avia-center-col'>\u2713<\/td><td class='avia-center-col'>\u2713<\/td><\/tr><tr class=''><td class=''>Anthocyanins (red, pink, blue) <\/td><td class=''>E163 <\/td><td class=''><\/td><td class='avia-center-col'>\u2713<\/td><td class='avia-center-col'>\u2713<\/td><td class='avia-center-col'>\u2713<\/td><td class='avia-center-col'>\u2713<\/td><\/tr><tr class=''><td class=''>Beetroot <\/td><td class=''>E162<\/td><td class=''><\/td><td class='avia-center-col'>\u2713<\/td><td class='avia-center-col'>\u2713<\/td><td class='avia-center-col'>\u2713<\/td><td class='avia-center-col'>\u2713<\/td><\/tr><tr class=''><td class=''>Beta-carotene <\/td><td class=''>E160a <\/td><td class=''><\/td><td class='avia-center-col'>\u2713<\/td><td class='avia-center-col'>\u2713<\/td><td class='avia-center-col'>\u2713<\/td><td class='avia-center-col'>\u2713<\/td><\/tr><tr class=''><td class=''>Stinging nettle <\/td><td class=''><\/td><td class=''><\/td><td class='avia-center-col'>\u2713<\/td><td class='avia-center-col'>\u2713<\/td><td class='avia-center-col'>\u2713<\/td><td class='avia-center-col'>\u2713<\/td><\/tr><tr class=''><td class=''>Chlorophyll <\/td><td class=''>E140<\/td><td class=''>75810 <\/td><td class='avia-center-col'>\u2713<\/td><td class='avia-center-col'>\u2713<\/td><td class='avia-center-col'>\u2713<\/td><td class='avia-center-col'>\u2713<\/td><\/tr><tr class=''><td class=''>Iron oxide yellow <\/td><td class=''>E172<\/td><td class=''>77492 <\/td><td class='avia-center-col'><\/td><td class='avia-center-col'><\/td><td class='avia-center-col'>\u2713<\/td><td class='avia-center-col'><\/td><\/tr><tr class=''><td class=''>iron oxide red <\/td><td class=''>E172 <\/td><td class=''>77491 <\/td><td class='avia-center-col'><\/td><td class='avia-center-col'><\/td><td class='avia-center-col'>\u2713<\/td><td class='avia-center-col'><\/td><\/tr><tr class=''><td class=''>iron oxide black <\/td><td class=''>E172 <\/td><td class=''>77499 <\/td><td class='avia-center-col'><\/td><td class='avia-center-col'><\/td><td class='avia-center-col'>\u2713<\/td><td class='avia-center-col'><\/td><\/tr><tr class=''><td class=''>Safflower <\/td><td class=''><\/td><td class=''><\/td><td class='avia-center-col'>\u2713<\/td><td class='avia-center-col'><\/td><td class='avia-center-col'>\u2713<\/td><td class='avia-center-col'>\u2713<\/td><\/tr><tr class=''><td class=''>Bilberry <\/td><td class=''><\/td><td class=''><\/td><td class='avia-center-col'>\u2713<\/td><td class='avia-center-col'><\/td><td class='avia-center-col'><\/td><td class='avia-center-col'>\u2713<\/td><\/tr><tr class=''><td class=''>Elderberry <\/td><td class=''><\/td><td class=''><\/td><td class='avia-center-col'>\u2713<\/td><td class='avia-center-col'><\/td><td class='avia-center-col'><\/td><td class='avia-center-col'>\u2713<\/td><\/tr><tr class=''><td class=''>Caramel (100 percent) <\/td><td class=''><\/td><td class=''><\/td><td class='avia-center-col'>\u2713<\/td><td class='avia-center-col'><\/td><td class='avia-center-col'><\/td><td class='avia-center-col'>\u2713<\/td><\/tr><tr class=''><td class=''>Carbon Black <\/td><td class=''>E153 <\/td><td class=''>77266 <\/td><td class='avia-center-col'>\u2713<\/td><td class='avia-center-col'>\u2713<\/td><td class='avia-center-col'>\u2713<\/td><td class='avia-center-col'>\u2713<\/td><\/tr><tr class=''><td class=''>Carmine <\/td><td class=''>E120<\/td><td class=''>75450 <\/td><td class='avia-center-col'>\u2713<\/td><td class='avia-center-col'>\u2713<\/td><td class='avia-center-col'>\u2713<\/td><td class='avia-center-col'>\u2713<\/td><\/tr><tr class=''><td class=''>Carrot <\/td><td class=''><\/td><td class=''><\/td><td class='avia-center-col'><\/td><td class='avia-center-col'>\u2713<\/td><td class='avia-center-col'><\/td><td class='avia-center-col'>\u2713<\/td><\/tr><tr class=''><td class=''>Cherry <\/td><td class=''><\/td><td class=''><\/td><td class='avia-center-col'>\u2713<\/td><td class='avia-center-col'><\/td><td class='avia-center-col'><\/td><td class='avia-center-col'>\u2713<\/td><\/tr><tr class=''><td class=''>Curcumin <\/td><td class=''>E100<\/td><td class=''>75300 <\/td><td class='avia-center-col'>\u2713<\/td><td class='avia-center-col'>\u2713<\/td><td class='avia-center-col'>\u2713<\/td><td class='avia-center-col'>\u2713<\/td><\/tr><\/tbody><\/table><\/div><style type='text\/css'><\/style>\n<\/div><\/div><\/div><!-- close content main div --><\/div><\/div><div id='av_section_3' class='avia-section main_color avia-section-small avia-no-shadow avia-bg-style-scroll   container_wrap sidebar_right' style = 'background-color: #c91518; '  ><div class='container' ><div class='template-page content  av-content-small alpha units'><div class='post-entry post-entry-type-page post-entry-21'><div class='entry-content-wrapper clearfix'>\n<div style='padding-bottom:10px;color:#ffffff;' class='av-special-heading av-special-heading-h1 custom-color-heading blockquote modern-quote modern-centered'><h1 class='av-special-heading-tag'  itemprop=\"headline\"  >COLOURINGS \u2013 ALUMINIUM<\/h1><div class='special-heading-border'><div class='special-heading-inner-border' style='border-color:#ffffff'><\/div><\/div><\/div>\n<\/div><\/div><\/div><!-- close content main div --><\/div><\/div><div id='after_section_3' class='main_color av_default_container_wrap container_wrap sidebar_right'   ><div class='container' ><div class='template-page content  av-content-small alpha units'><div class='post-entry post-entry-type-page post-entry-21'><div class='entry-content-wrapper clearfix'>\n<div class='avia-data-table-wrap avia_responsive_table'><table class='avia-table avia-data-table avia-table-3  avia_pricing_default'  itemscope=\"itemscope\" itemtype=\"https:\/\/schema.org\/Table\" ><tbody><tr class=''><td class=''>PRODUCT NAME <\/td><td class='avia-center-col'>E.-Nr. <\/td><td class=''>C.I.Nr. <\/td><td class='avia-center-col'>Powder<\/td><td class=''>Information<\/td><\/tr><tr class=''><td class=''>Allurared <\/td><td class='avia-center-col'>E 129 <\/td><td class=''>16.035 <\/td><td class='avia-center-col'>\u2713<\/td><td class=''><\/td><\/tr><tr class=''><td class=''>Amaranth <\/td><td class='avia-center-col'>E 123 <\/td><td class=''>16.185 <\/td><td class='avia-center-col'>\u2713<\/td><td class=''><\/td><\/tr><tr class=''><td class=''>Azorubin <\/td><td class='avia-center-col'>E 122 <\/td><td class=''>14.720 <\/td><td class='avia-center-col'>\u2713<\/td><td class=''><\/td><\/tr><tr class=''><td class=''>Brown <\/td><td class='avia-center-col'>E 102 <\/td><td class=''>19.149 <\/td><td class='avia-center-col'>\u2713<\/td><td class=''><\/td><\/tr><tr class=''><td class=''>Brown <\/td><td class='avia-center-col'>E 124 <\/td><td class=''>16.255<\/td><td class='avia-center-col'>\u2713<\/td><td class=''><\/td><\/tr><tr class=''><td class=''>Brown <\/td><td class='avia-center-col'>E 132<\/td><td class=''>73.015 <\/td><td class='avia-center-col'>\u2713<\/td><td class=''><\/td><\/tr><tr class=''><td class=''>Brilliant blue FCF <\/td><td class='avia-center-col'>E 133<\/td><td class=''>42.090 <\/td><td class='avia-center-col'>\u2713<\/td><td class=''><\/td><\/tr><tr class=''><td class=''>Brillant black <\/td><td class='avia-center-col'>E 151<\/td><td class=''>28.440 <\/td><td class='avia-center-col'>\u2713<\/td><td class=''><\/td><\/tr><tr class=''><td class=''>Quinoline yellow <\/td><td class='avia-center-col'>E 104<\/td><td class=''>47.005 <\/td><td class='avia-center-col'>\u2713<\/td><td class=''><\/td><\/tr><tr class=''><td class=''>Erythrosine<\/td><td class='avia-center-col'>E 127<\/td><td class=''>45.430 <\/td><td class='avia-center-col'>\u2713<\/td><td class=''><\/td><\/tr><tr class=''><td class=''>Yellow Orange <\/td><td class='avia-center-col'>E 110<\/td><td class=''>15.985 <\/td><td class='avia-center-col'>\u2713<\/td><td class=''><\/td><\/tr><tr class=''><td class=''>Green<\/td><td class='avia-center-col'>E 102 <\/td><td class=''>19.140 <\/td><td class='avia-center-col'>\u2713<\/td><td class=''><\/td><\/tr><tr class=''><td class=''>Green<\/td><td class='avia-center-col'>E 133 <\/td><td class=''>42.090<\/td><td class='avia-center-col'>\u2713<\/td><td class=''><\/td><\/tr><tr class=''><td class=''>Indigotin <\/td><td class='avia-center-col'>E 132<\/td><td class=''>73.015 <\/td><td class='avia-center-col'>\u2713<\/td><td class=''><\/td><\/tr><tr class=''><td class=''>Patent Blue <\/td><td class='avia-center-col'>E 131<\/td><td class=''>42.051 <\/td><td class='avia-center-col'>\u2713<\/td><td class=''><\/td><\/tr><tr class=''><td class=''>Ponceau 4R <\/td><td class='avia-center-col'>E 124 <\/td><td class=''>16.255 <\/td><td class='avia-center-col'>\u2713<\/td><td class=''><\/td><\/tr><tr class=''><td class=''>Tartrazine <\/td><td class='avia-center-col'>E 102 <\/td><td class=''>19.140 <\/td><td class='avia-center-col'>\u2713<\/td><td class=''><\/td><\/tr><\/tbody><\/table><\/div><style type='text\/css'><\/style>","protected":false},"excerpt":{"rendered":"","protected":false},"author":1,"featured_media":0,"parent":0,"menu_order":8,"comment_status":"closed","ping_status":"closed","template":"","meta":{"footnotes":""},"_links":{"self":[{"href":"https:\/\/www.gewuerzextrakte.de\/en\/wp-json\/wp\/v2\/pages\/21"}],"collection":[{"href":"https:\/\/www.gewuerzextrakte.de\/en\/wp-json\/wp\/v2\/pages"}],"about":[{"href":"https:\/\/www.gewuerzextrakte.de\/en\/wp-json\/wp\/v2\/types\/page"}],"author":[{"embeddable":true,"href":"https:\/\/www.gewuerzextrakte.de\/en\/wp-json\/wp\/v2\/users\/1"}],"replies":[{"embeddable":true,"href":"https:\/\/www.gewuerzextrakte.de\/en\/wp-json\/wp\/v2\/comments?post=21"}],"version-history":[{"count":22,"href":"https:\/\/www.gewuerzextrakte.de\/en\/wp-json\/wp\/v2\/pages\/21\/revisions"}],"predecessor-version":[{"id":551,"href":"https:\/\/www.gewuerzextrakte.de\/en\/wp-json\/wp\/v2\/pages\/21\/revisions\/551"}],"wp:attachment":[{"href":"https:\/\/www.gewuerzextrakte.de\/en\/wp-json\/wp\/v2\/media?parent=21"}],"curies":[{"name":"wp","href":"https:\/\/api.w.org\/{rel}","templated":true}]}}