{"id":10,"date":"2017-10-13T10:57:20","date_gmt":"2017-10-13T08:57:20","guid":{"rendered":"http:\/\/www.gewuerzextrakte.de\/wp\/?page_id=10"},"modified":"2020-06-12T11:58:55","modified_gmt":"2020-06-12T09:58:55","slug":"verpackung","status":"publish","type":"page","link":"https:\/\/www.gewuerzextrakte.de\/en\/verpackung\/","title":{"rendered":"Packagings"},"content":{"rendered":"<div id='layer_slider_1' class='avia-layerslider main_color avia-shadow  container_wrap sidebar_right'    style='height: 301px;' ><\/div>\n<div class=\"flex_column av_one_full  flex_column_div first\" ><p><div style='padding-bottom:10px;' class='av-special-heading av-special-heading-h1  blockquote modern-quote modern-centered'><h1 class='av-special-heading-tag'  itemprop=\"headline\"  ><span class=\"bg\">TECHNOLOGY AND PACKAGING<\/span><\/h1><div class='special-heading-border'><div class='special-heading-inner-border' ><\/div><\/div><\/div><br \/>\n<div style=' margin-top:30px; margin-bottom:30px;'  class='hr hr-custom hr-center hr-icon-yes'><span class='hr-inner   inner-border-av-border-thin' style=' width:100px; border-color:#c91518;' ><span class='hr-inner-style'><\/span><\/span><span class='av-seperator-icon' style='color:#c91518;' aria-hidden='true' data-av_icon='\ue8d3' data-av_iconfont='entypo-fontello'><\/span><span class='hr-inner   inner-border-av-border-thin' style=' width:100px; border-color:#c91518;' ><span class='hr-inner-style'><\/span><\/span><\/div><\/p><\/div>\n<div class=\"flex_column av_one_fifth  flex_column_div first\" ><\/div>\n<div class=\"flex_column av_two_fifth  flex_column_div av-zero-column-padding\" style='border-radius:0px; '><div class='avia-icon-list-container'><ul class='avia-icon-list avia-icon-list-left av-iconlist-big avia_animate_when_almost_visible'>\n<li><div  style='background-color:#ffffff; border:1px solid #c91518; color:#c91518; ' class='iconlist_icon  avia-font-entypo-fontello'><span class='iconlist-char' aria-hidden='true' data-av_icon='\ue812' data-av_iconfont='entypo-fontello'><\/span><\/div><article class=\"article-icon-entry\"  itemscope=\"itemscope\" itemtype=\"https:\/\/schema.org\/CreativeWork\" ><div class='iconlist_content_wrap'><header class=\"entry-content-header\"><\/header><div class='iconlist_content'  itemprop=\"text\"  ><p>Boilers with continuous agitators are essential!<\/p>\n<\/div><\/div><footer class=\"entry-footer\"><\/footer><\/article><div class='iconlist-timeline'><\/div><\/li>\n<li><div  style='background-color:#ffffff; border:1px solid #c91518; color:#c91518; ' class='iconlist_icon  avia-font-entypo-fontello'><span class='iconlist-char' aria-hidden='true' data-av_icon='\ue812' data-av_iconfont='entypo-fontello'><\/span><\/div><article class=\"article-icon-entry\"  itemscope=\"itemscope\" itemtype=\"https:\/\/schema.org\/CreativeWork\" ><div class='iconlist_content_wrap'><header class=\"entry-content-header\"><\/header><div class='iconlist_content'  itemprop=\"text\"  ><p>Homogenisers and specialist production facilities ensure uniform products!<\/p>\n<\/div><\/div><footer class=\"entry-footer\"><\/footer><\/article><div class='iconlist-timeline'><\/div><\/li>\n<li><div  style='background-color:#ffffff; border:1px solid #c91518; color:#c91518; ' class='iconlist_icon  avia-font-entypo-fontello'><span class='iconlist-char' aria-hidden='true' data-av_icon='\ue812' data-av_iconfont='entypo-fontello'><\/span><\/div><article class=\"article-icon-entry\"  itemscope=\"itemscope\" itemtype=\"https:\/\/schema.org\/CreativeWork\" ><div class='iconlist_content_wrap'><header class=\"entry-content-header\"><\/header><div class='iconlist_content'  itemprop=\"text\"  ><p>Durch Diosna- u. L\u00f6degemischer k\u00f6nnen wir Ihnen qualitativ hochwertige Einzelextraktw\u00fcrzungen liefern!<\/p>\n<\/div><\/div><footer class=\"entry-footer\"><\/footer><\/article><div class='iconlist-timeline'><\/div><\/li>\n<li><div  style='background-color:#ffffff; border:1px solid #c91518; color:#c91518; ' class='iconlist_icon  avia-font-entypo-fontello'><span class='iconlist-char' aria-hidden='true' data-av_icon='\ue812' data-av_iconfont='entypo-fontello'><\/span><\/div><article class=\"article-icon-entry\"  itemscope=\"itemscope\" itemtype=\"https:\/\/schema.org\/CreativeWork\" ><div class='iconlist_content_wrap'><header class=\"entry-content-header\"><\/header><div class='iconlist_content'  itemprop=\"text\"  ><p>We have 80 \u2013 150 t of spice extracts (oleoresins) and essential oils available thanks to our continuous storage facility!<\/p>\n<\/div><\/div><footer class=\"entry-footer\"><\/footer><\/article><div class='iconlist-timeline'><\/div><\/li>\n<li><div  style='background-color:#ffffff; border:1px solid #c91518; color:#c91518; ' class='iconlist_icon  avia-font-entypo-fontello'><span class='iconlist-char' aria-hidden='true' data-av_icon='\ue812' data-av_iconfont='entypo-fontello'><\/span><\/div><article class=\"article-icon-entry\"  itemscope=\"itemscope\" itemtype=\"https:\/\/schema.org\/CreativeWork\" ><div class='iconlist_content_wrap'><header class=\"entry-content-header\"><\/header><div class='iconlist_content'  itemprop=\"text\"  ><p>Our liquids production enables individual batches of up to 2,500 kg!<\/p>\n<\/div><\/div><footer class=\"entry-footer\"><\/footer><\/article><div class='iconlist-timeline'><\/div><\/li>\n<\/ul><\/div><\/div><div class=\"flex_column av_two_fifth  flex_column_div av-zero-column-padding\" style='border-radius:0px; '><div class='avia-icon-list-container'><ul class='avia-icon-list avia-icon-list-left av-iconlist-big avia_animate_when_almost_visible'>\n<li><div  style='background-color:#ffffff; border:1px solid #c91518; color:#c91518; ' class='iconlist_icon  avia-font-entypo-fontello'><span class='iconlist-char' aria-hidden='true' data-av_icon='\ue812' data-av_iconfont='entypo-fontello'><\/span><\/div><article class=\"article-icon-entry\"  itemscope=\"itemscope\" itemtype=\"https:\/\/schema.org\/CreativeWork\" ><div class='iconlist_content_wrap'><header class=\"entry-content-header\"><\/header><div class='iconlist_content'  itemprop=\"text\"  ><p>We guarantee consistent quality!<\/p>\n<\/div><\/div><footer class=\"entry-footer\"><\/footer><\/article><div class='iconlist-timeline'><\/div><\/li>\n<li><div  style='background-color:#ffffff; border:1px solid #c91518; color:#c91518; ' class='iconlist_icon  avia-font-entypo-fontello'><span class='iconlist-char' aria-hidden='true' data-av_icon='\ue812' data-av_iconfont='entypo-fontello'><\/span><\/div><article class=\"article-icon-entry\"  itemscope=\"itemscope\" itemtype=\"https:\/\/schema.org\/CreativeWork\" ><div class='iconlist_content_wrap'><header class=\"entry-content-header\"><\/header><div class='iconlist_content'  itemprop=\"text\"  ><p>Short customer-focused delivery dates are taken as read for us!<\/p>\n<\/div><\/div><footer class=\"entry-footer\"><\/footer><\/article><div class='iconlist-timeline'><\/div><\/li>\n<li><div  style='background-color:#ffffff; border:1px solid #c91518; color:#c91518; ' class='iconlist_icon  avia-font-entypo-fontello'><span class='iconlist-char' aria-hidden='true' data-av_icon='\ue812' data-av_iconfont='entypo-fontello'><\/span><\/div><article class=\"article-icon-entry\"  itemscope=\"itemscope\" itemtype=\"https:\/\/schema.org\/CreativeWork\" ><div class='iconlist_content_wrap'><header class=\"entry-content-header\"><\/header><div class='iconlist_content'  itemprop=\"text\"  ><p>Our outgoing goods process ensures punctual and accurate delivery of your products!<\/p>\n<\/div><\/div><footer class=\"entry-footer\"><\/footer><\/article><div class='iconlist-timeline'><\/div><\/li>\n<li><div  style='background-color:#ffffff; border:1px solid #c91518; color:#c91518; ' class='iconlist_icon  avia-font-entypo-fontello'><span class='iconlist-char' aria-hidden='true' data-av_icon='\ue812' data-av_iconfont='entypo-fontello'><\/span><\/div><article class=\"article-icon-entry\"  itemscope=\"itemscope\" itemtype=\"https:\/\/schema.org\/CreativeWork\" ><div class='iconlist_content_wrap'><header class=\"entry-content-header\"><\/header><div class='iconlist_content'  itemprop=\"text\"  ><p>Daily retention samples and incoming and outgoing goods controls are essential to ensuring the safety of your products!<\/p>\n<\/div><\/div><footer class=\"entry-footer\"><\/footer><\/article><div class='iconlist-timeline'><\/div><\/li>\n<\/ul><\/div><\/div><\/p>\n<\/div><\/div><\/div><!-- close content main div --><\/div><\/div><div id='av_section_1' class='avia-section main_color avia-section-small avia-no-shadow avia-bg-style-scroll   container_wrap sidebar_right' style = 'background-color: #c91518; '  ><div class='container' ><div class='template-page content  av-content-small alpha units'><div class='post-entry post-entry-type-page post-entry-10'><div class='entry-content-wrapper clearfix'>\n<div style='padding-bottom:10px;color:#ffffff;' class='av-special-heading av-special-heading-h1 custom-color-heading blockquote modern-quote modern-centered'><h1 class='av-special-heading-tag'  itemprop=\"headline\"  >PACKAGING<\/h1><div class='special-heading-border'><div class='special-heading-inner-border' style='border-color:#ffffff'><\/div><\/div><\/div>\n<\/div><\/div><\/div><!-- close content main div --><\/div><\/div><div id='after_section_1' class='main_color av_default_container_wrap container_wrap sidebar_right'   ><div class='container' ><div class='template-page content  av-content-small alpha units'><div class='post-entry post-entry-type-page post-entry-10'><div class='entry-content-wrapper clearfix'>\n<div class=\"flex_column av_one_fifth  flex_column_div first\" ><\/div>\n<div class=\"flex_column av_four_fifth  flex_column_div av-zero-column-padding\" style='border-radius:0px; '><div class='avia-data-table-wrap avia_responsive_table'><table class='avia-table avia-data-table avia-table-1  avia_pricing_default'  itemscope=\"itemscope\" itemtype=\"https:\/\/schema.org\/Table\" ><tbody><tr class='avia-heading-row'><th class=''>Packing-Type <\/th><th class=''>Contents<\/th><th class=''>UN-Certification <\/th><th class=''>General<\/th><\/tr><tr class=''><td class=''>Bucket, white <\/td><td class=''>6 litres <\/td><td class=''>yes <\/td><td class=''>viscose products<br \/>\n<\/td><\/tr><tr class=''><td class=''>Bucket, white <\/td><td class=''>10 litres <\/td><td class=''>yes <\/td><td class=''>viscose products<br \/>\n<\/td><\/tr><tr class=''><td class=''>Bucket, white <\/td><td class=''>15 litres <\/td><td class=''>yes <\/td><td class=''>viscose products<br \/>\n<\/td><\/tr><tr class=''><td class=''>Bucket, white <\/td><td class=''>22 litres <\/td><td class=''>yes <\/td><td class=''>viscose products<br \/>\n<\/td><\/tr><tr class=''><td class=''>Bucket, white <\/td><td class=''>31 litres <\/td><td class=''>yes <\/td><td class=''>viscose products<br \/>\n<\/td><\/tr><tr class=''><td class=''>Canister, blue <\/td><td class=''>3 litres <\/td><td class=''>no<\/td><td class=''>liquid \u2013 slightly viscous products<br \/>\n<\/td><\/tr><tr class=''><td class=''>Canister, blue <\/td><td class=''>5 litres <\/td><td class=''>no<\/td><td class=''>liquid \u2013 slightly viscous products<br \/>\n<\/td><\/tr><tr class=''><td class=''>Canister, blue <\/td><td class=''>10 litres <\/td><td class=''>yes <\/td><td class=''>liquid \u2013 slightly viscous products<br \/>\n<\/td><\/tr><tr class=''><td class=''>Canister, blue <\/td><td class=''>12 litres <\/td><td class=''>yes <\/td><td class=''>liquid \u2013 slightly viscous products<br \/>\n<\/td><\/tr><tr class=''><td class=''>Canister, blue <\/td><td class=''>25 litres <\/td><td class=''>yes <\/td><td class=''>liquid \u2013 slightly viscous products<br \/>\n<\/td><\/tr><tr class=''><td class=''>Canister, blue <\/td><td class=''>30 litres <\/td><td class=''>yes <\/td><td class=''>liquid \u2013 slightly viscous products<br \/>\n<\/td><\/tr><tr class=''><td class=''>IBC container <\/td><td class=''>1000 litres <\/td><td class=''><\/td><td class=''>liquid \u2013 slightly viscous products<br \/>\n<\/td><\/tr><tr class=''><td class=''>Cask<\/td><td class=''>220 litres<\/td><td class=''>yes <\/td><td class=''><\/td><\/tr><\/tbody><\/table><\/div><style type='text\/css'>.avia-table-1 td:nth-of-type(1):before { content: 'Verpackungs-Art '; } .avia-table-1 td:nth-of-type(2):before { content: 'Inhalt'; } .avia-table-1 td:nth-of-type(3):before { content: 'UN-Zulassung '; } .avia-table-1 td:nth-of-type(4):before { content: 'Allgemein'; } <\/style><\/div>","protected":false},"excerpt":{"rendered":"","protected":false},"author":1,"featured_media":0,"parent":0,"menu_order":3,"comment_status":"closed","ping_status":"closed","template":"","meta":{"footnotes":""},"_links":{"self":[{"href":"https:\/\/www.gewuerzextrakte.de\/en\/wp-json\/wp\/v2\/pages\/10"}],"collection":[{"href":"https:\/\/www.gewuerzextrakte.de\/en\/wp-json\/wp\/v2\/pages"}],"about":[{"href":"https:\/\/www.gewuerzextrakte.de\/en\/wp-json\/wp\/v2\/types\/page"}],"author":[{"embeddable":true,"href":"https:\/\/www.gewuerzextrakte.de\/en\/wp-json\/wp\/v2\/users\/1"}],"replies":[{"embeddable":true,"href":"https:\/\/www.gewuerzextrakte.de\/en\/wp-json\/wp\/v2\/comments?post=10"}],"version-history":[{"count":30,"href":"https:\/\/www.gewuerzextrakte.de\/en\/wp-json\/wp\/v2\/pages\/10\/revisions"}],"predecessor-version":[{"id":552,"href":"https:\/\/www.gewuerzextrakte.de\/en\/wp-json\/wp\/v2\/pages\/10\/revisions\/552"}],"wp:attachment":[{"href":"https:\/\/www.gewuerzextrakte.de\/en\/wp-json\/wp\/v2\/media?parent=10"}],"curies":[{"name":"wp","href":"https:\/\/api.w.org\/{rel}","templated":true}]}}